{"id":284,"date":"2022-01-11T19:15:01","date_gmt":"2022-01-11T19:15:01","guid":{"rendered":"http:\/\/www.agvet.cz\/?page_id=284"},"modified":"2026-03-08T18:38:06","modified_gmt":"2026-03-08T18:38:06","slug":"pristrojove-vybaveni","status":"publish","type":"page","link":"https:\/\/www.agvet.cz\/index.php\/pristrojove-vybaveni\/","title":{"rendered":"P\u0159\u00edstrojov\u00e9 vybaven\u00ed"},"content":{"rendered":"\n<hr class=\"wp-block-separator has-css-opacity\"\/>\n\n\n\n<div class=\"wp-block-media-text alignwide has-media-on-the-right is-stacked-on-mobile\" style=\"grid-template-columns:auto 61%\"><div class=\"wp-block-media-text__content\">\n<h2 class=\"wp-block-heading has-text-color\" style=\"color:#737474\">Sonografick\u00fd p\u0159\u00edstroj (SonoScape)<\/h2>\n\n\n\n<p class=\"has-text-color has-normal-font-size\" style=\"color:#797c7e\">P\u0159\u00edstroj umo\u017e\u0148uj\u00edc\u00ed zobrazen\u00ed m\u011bkk\u00fdch tk\u00e1n\u00ed mikrokonvexn\u00ed sondou, zejm\u00e9na p\u0159i vy\u0161et\u0159en\u00ed dutiny b\u0159i\u0161n\u00ed.<\/p>\n\n\n\n<p class=\"has-text-color has-normal-font-size\" style=\"color:#737474\">Je mo\u017eno posoudit tvar, velikost, strukturu a abnormality vnit\u0159n\u00edch org\u00e1n\u016f &#8211; ledvin, jater, sleziny, mo\u010dov\u00e9ho m\u011bch\u00fd\u0159e, d\u011blohy, prostaty i za\u017e\u00edvac\u00edho apar\u00e1tu.<\/p>\n<\/div><figure class=\"wp-block-media-text__media\"><img loading=\"lazy\" decoding=\"async\" width=\"1024\" height=\"548\" src=\"http:\/\/www.agvet.cz\/wp-content\/uploads\/2022\/01\/sono-1024x548.png\" alt=\"\" class=\"wp-image-330 size-full\" srcset=\"https:\/\/www.agvet.cz\/wp-content\/uploads\/2022\/01\/sono-1024x548.png 1024w, https:\/\/www.agvet.cz\/wp-content\/uploads\/2022\/01\/sono-300x161.png 300w, https:\/\/www.agvet.cz\/wp-content\/uploads\/2022\/01\/sono-768x411.png 768w, https:\/\/www.agvet.cz\/wp-content\/uploads\/2022\/01\/sono-1536x822.png 1536w, https:\/\/www.agvet.cz\/wp-content\/uploads\/2022\/01\/sono.png 1616w\" sizes=\"auto, (max-width: 1024px) 100vw, 1024px\" \/><\/figure><\/div>\n\n\n\n<hr class=\"wp-block-separator has-css-opacity\"\/>\n\n\n\n<div class=\"wp-block-media-text alignwide is-stacked-on-mobile\"><figure class=\"wp-block-media-text__media\"><img decoding=\"async\" src=\"http:\/\/www.agvet.cz\/wp-content\/uploads\/2022\/01\/PC023886.jpg\" alt=\"\" class=\"wp-image-338 size-full\"\/><\/figure><div class=\"wp-block-media-text__content\">\n<h2 class=\"wp-block-heading has-text-color\" style=\"color:#737474\">Zubn\u00ed ultrazvuk s mikromotorem<\/h2>\n\n\n\n<p class=\"has-text-color has-normal-font-size\" style=\"color:#737474\">Zubn\u00edm ultrazvukem lze odstranit zubn\u00ed plak a zubn\u00ed k\u00e1men. Mikromotor s r\u016fzn\u00fdmi typy n\u00e1sadc\u016f slou\u017e\u00ed nap\u0159\u00edklad k le\u0161t\u011bn\u00ed zub\u016f pomoc\u00ed pasty, k o\u0161et\u0159en\u00ed a brou\u0161en\u00ed zub\u016f u hlodavc\u016f a zabru\u0161ov\u00e1n\u00ed zob\u00e1k\u016f u papou\u0161k\u016f \u010di zobanu u \u017eelv.<\/p>\n<\/div><\/div>\n\n\n\n<hr class=\"wp-block-separator has-css-opacity\"\/>\n\n\n\n<div class=\"wp-block-media-text alignwide has-media-on-the-right is-vertically-aligned-center is-stacked-on-mobile\" style=\"grid-template-columns:auto 69%\"><div class=\"wp-block-media-text__content\">\n<h2 class=\"wp-block-heading has-text-color\" style=\"color:#737474\">Harmonick\u00fd skalpel \/ LigaSure<\/h2>\n\n\n\n<p class=\"has-text-color has-normal-font-size\" style=\"color:#737474\">Bipol\u00e1rn\u00ed elektrochirurgick\u00fd gener\u00e1tor umo\u017en\u01d4j\u00edc\u00ed koagulaci c\u00e9v &#8211; spolehliv\u00e9 a trval\u00e9 uzav\u0159en\u00ed c\u00e9v do pr\u016fm\u011bru 7 mm.<\/p>\n\n\n\n<p class=\"has-text-color has-normal-font-size\" style=\"color:#737474\">Materi\u00e1lem, kter\u00fd tvo\u0159\u00ed trval\u00fd spoj, je tk\u00e1\u0148 pacienta. V t\u011ble tud\u00ed\u017e nez\u016fst\u00e1vaj\u00ed \u017e\u00e1dn\u00e9 ciz\u00ed p\u0159edm\u011bty (\u0161ic\u00ed materi\u00e1l) a tk\u00e1\u0148 se velmi dob\u0159e hoj\u00ed. Tepeln\u00fd \u00fa\u010dinek je omezen pouze na c\u00edlovou tk\u00e1\u0148 a nezasahuje do okoln\u00edch struktur.<\/p>\n<\/div><figure class=\"wp-block-media-text__media\"><img loading=\"lazy\" decoding=\"async\" width=\"1024\" height=\"769\" src=\"http:\/\/www.agvet.cz\/wp-content\/uploads\/2022\/01\/ligasura2-1024x769.png\" alt=\"\" class=\"wp-image-345 size-full\" srcset=\"https:\/\/www.agvet.cz\/wp-content\/uploads\/2022\/01\/ligasura2-1024x769.png 1024w, https:\/\/www.agvet.cz\/wp-content\/uploads\/2022\/01\/ligasura2-300x225.png 300w, https:\/\/www.agvet.cz\/wp-content\/uploads\/2022\/01\/ligasura2-768x576.png 768w, https:\/\/www.agvet.cz\/wp-content\/uploads\/2022\/01\/ligasura2-1536x1153.png 1536w, https:\/\/www.agvet.cz\/wp-content\/uploads\/2022\/01\/ligasura2.png 1588w\" sizes=\"auto, (max-width: 1024px) 100vw, 1024px\" \/><\/figure><\/div>\n\n\n\n<hr class=\"wp-block-separator has-css-opacity\"\/>\n\n\n\n<div class=\"wp-block-media-text alignwide is-stacked-on-mobile\"><figure class=\"wp-block-media-text__media\"><img loading=\"lazy\" decoding=\"async\" width=\"768\" height=\"1024\" src=\"https:\/\/www.agvet.cz\/wp-content\/uploads\/2022\/06\/inhalacka-768x1024.jpg\" alt=\"\" class=\"wp-image-460 size-full\" srcset=\"https:\/\/www.agvet.cz\/wp-content\/uploads\/2022\/06\/inhalacka-768x1024.jpg 768w, https:\/\/www.agvet.cz\/wp-content\/uploads\/2022\/06\/inhalacka-225x300.jpg 225w, https:\/\/www.agvet.cz\/wp-content\/uploads\/2022\/06\/inhalacka-1152x1536.jpg 1152w, https:\/\/www.agvet.cz\/wp-content\/uploads\/2022\/06\/inhalacka.jpg 1368w\" sizes=\"auto, (max-width: 768px) 100vw, 768px\" \/><\/figure><div class=\"wp-block-media-text__content\">\n<h2 class=\"wp-block-heading has-text-color\" style=\"color:#707070\">Inhala\u010dn\u00ed anestezie<\/h2>\n\n\n\n<p class=\"has-text-color\" style=\"color:#595959\">P\u0159\u00edstroj pro nej\u0161etrn\u011bj\u0161\u00ed anestezii. M\u016f\u017eeme tak uspat pacienty od 0.1 do 100kg. Po\u010d\u00ednaje k\u0159e\u010dkem, p\u0159es drobn\u00e9 savce, plazy, papou\u0161ky a\u017e po psy a ko\u010dky. Velmi mal\u00e1 zv\u00ed\u0159ata uv\u00e1d\u00edme do anestezie pomoc\u00ed masky. A ta v\u011bt\u0161\u00ed jsou zaintubov\u00e1na speci\u00e1ln\u00ed kanylou do p\u0159\u016fdu\u0161nice. D\u00edky n\u00ed d\u00fdchaj\u00ed kysl\u00edk se sm\u011bs\u00ed narkotiza\u010dn\u00edho plynu.<\/p>\n<\/div><\/div>\n\n\n\n<hr class=\"wp-block-separator has-css-opacity\"\/>\n\n\n\n<div class=\"wp-block-media-text alignwide has-media-on-the-right is-stacked-on-mobile\" style=\"grid-template-columns:auto 37%\"><div class=\"wp-block-media-text__content\">\n<h2 class=\"wp-block-heading has-text-color\" style=\"color:#737474\">Trinokul\u00e1rn\u00ed mikroskop (Levenhuk 700)<\/h2>\n\n\n\n<p class=\"has-text-color has-normal-font-size\" style=\"color:#737474\">Modern\u00ed optick\u00fd p\u0159\u00edstroj s velk\u00fdm d\u016frazem na detail. D\u00edky sv\u00e9 vysok\u00e9 kvalit\u011b se pou\u017e\u00edv\u00e1 zejm\u00e9na k pozorov\u00e1n\u00ed biologick\u00fdch prepar\u00e1t\u016f, krevn\u00edch n\u00e1t\u011br\u016f, cytologii, vy\u0161et\u0159en\u00ed mo\u010dov\u00e9ho sedimentu, vy\u0161et\u0159en\u00ed parazit\u016f, pl\u00edsn\u00ed, p\u0159\u00edtomnost n\u00e1dorov\u00e9ho procesu.<\/p>\n\n\n\n<p class=\"has-text-color has-normal-font-size\" style=\"color:#737474\">Obsahuje \u010do\u010dky objektivu, kter\u00e9 umo\u017en\u00ed zv\u011bt\u0159en\u00ed obrazu a\u017e 100-n\u00e1sobn\u011b. Na jeho tubus lze um\u00edstit digit\u00e1ln\u00ed fotoapar\u00e1t a sledovat detaily prepar\u00e1t\u016f ve skute\u010dn\u00fdch barv\u00e1ch na monitoru PC.<\/p>\n<\/div><figure class=\"wp-block-media-text__media\"><img loading=\"lazy\" decoding=\"async\" width=\"768\" height=\"1024\" src=\"http:\/\/www.agvet.cz\/wp-content\/uploads\/2022\/01\/PC023784-768x1024.jpg\" alt=\"\" class=\"wp-image-309 size-full\" srcset=\"https:\/\/www.agvet.cz\/wp-content\/uploads\/2022\/01\/PC023784-768x1024.jpg 768w, https:\/\/www.agvet.cz\/wp-content\/uploads\/2022\/01\/PC023784-225x300.jpg 225w, https:\/\/www.agvet.cz\/wp-content\/uploads\/2022\/01\/PC023784-1152x1536.jpg 1152w, https:\/\/www.agvet.cz\/wp-content\/uploads\/2022\/01\/PC023784-1536x2048.jpg 1536w, https:\/\/www.agvet.cz\/wp-content\/uploads\/2022\/01\/PC023784-scaled.jpg 1920w\" sizes=\"auto, (max-width: 768px) 100vw, 768px\" \/><\/figure><\/div>\n\n\n\n<hr class=\"wp-block-separator has-css-opacity\"\/>\n\n\n\n<div class=\"wp-block-media-text alignwide is-stacked-on-mobile\"><figure class=\"wp-block-media-text__media\"><img loading=\"lazy\" decoding=\"async\" width=\"1024\" height=\"768\" src=\"http:\/\/www.agvet.cz\/wp-content\/uploads\/2022\/01\/PC023797-1024x768.jpg\" alt=\"\" class=\"wp-image-311 size-full\" srcset=\"https:\/\/www.agvet.cz\/wp-content\/uploads\/2022\/01\/PC023797-1024x768.jpg 1024w, https:\/\/www.agvet.cz\/wp-content\/uploads\/2022\/01\/PC023797-300x225.jpg 300w, https:\/\/www.agvet.cz\/wp-content\/uploads\/2022\/01\/PC023797-768x576.jpg 768w, https:\/\/www.agvet.cz\/wp-content\/uploads\/2022\/01\/PC023797-1536x1152.jpg 1536w\" sizes=\"auto, (max-width: 1024px) 100vw, 1024px\" \/><\/figure><div class=\"wp-block-media-text__content\">\n<h2 class=\"wp-block-heading has-text-color\" style=\"color:#737474\">Steriliz\u00e1tor (Binder)<\/h2>\n\n\n\n<p class=\"has-text-color has-normal-font-size\" style=\"color:#737474\">Horkovzdu\u0161n\u00fd steriliz\u00e1tor slou\u017e\u00ed ke sterilizaci chirurgick\u00fdch n\u00e1stroj\u016f a laboratorn\u00edho materi\u00e1lu.<\/p>\n<\/div><\/div>\n\n\n\n<hr class=\"wp-block-separator has-css-opacity\"\/>\n\n\n\n<div class=\"wp-block-media-text alignwide has-media-on-the-right is-stacked-on-mobile\"><div class=\"wp-block-media-text__content\">\n<h2 class=\"wp-block-heading has-text-color\" style=\"color:#737474\">Ambuvak s resuscita\u010dn\u00ed maskou<\/h2>\n\n\n\n<p class=\"has-text-color has-normal-font-size\" style=\"color:#737474\">Ru\u010dn\u00ed d\u00fdchac\u00ed p\u0159\u00edstroj, kter\u00fdm se d\u00e1 nahradit vlastn\u00ed dechov\u00e1 \u010dinnost pacienta.<\/p>\n<\/div><figure class=\"wp-block-media-text__media\"><img loading=\"lazy\" decoding=\"async\" width=\"1024\" height=\"768\" src=\"http:\/\/www.agvet.cz\/wp-content\/uploads\/2022\/01\/PC023882-1024x768.jpg\" alt=\"\" class=\"wp-image-321 size-full\" srcset=\"https:\/\/www.agvet.cz\/wp-content\/uploads\/2022\/01\/PC023882-1024x768.jpg 1024w, https:\/\/www.agvet.cz\/wp-content\/uploads\/2022\/01\/PC023882-300x225.jpg 300w, https:\/\/www.agvet.cz\/wp-content\/uploads\/2022\/01\/PC023882-768x576.jpg 768w, https:\/\/www.agvet.cz\/wp-content\/uploads\/2022\/01\/PC023882-1536x1152.jpg 1536w\" sizes=\"auto, (max-width: 1024px) 100vw, 1024px\" \/><\/figure><\/div>\n\n\n\n<hr class=\"wp-block-separator has-css-opacity\"\/>\n\n\n\n<div class=\"wp-block-media-text alignwide is-stacked-on-mobile\"><figure class=\"wp-block-media-text__media\"><img loading=\"lazy\" decoding=\"async\" width=\"1024\" height=\"768\" src=\"http:\/\/www.agvet.cz\/wp-content\/uploads\/2022\/01\/PC023735-1024x768.jpg\" alt=\"\" class=\"wp-image-292 size-full\" srcset=\"https:\/\/www.agvet.cz\/wp-content\/uploads\/2022\/01\/PC023735-1024x768.jpg 1024w, https:\/\/www.agvet.cz\/wp-content\/uploads\/2022\/01\/PC023735-300x225.jpg 300w, https:\/\/www.agvet.cz\/wp-content\/uploads\/2022\/01\/PC023735-768x576.jpg 768w, https:\/\/www.agvet.cz\/wp-content\/uploads\/2022\/01\/PC023735-1536x1152.jpg 1536w\" sizes=\"auto, (max-width: 1024px) 100vw, 1024px\" \/><\/figure><div class=\"wp-block-media-text__content\">\n<h2 class=\"wp-block-heading has-text-color\" style=\"color:#737474\">Hospitaliza\u010dn\u00ed box<\/h2>\n\n\n\n<p class=\"has-text-color has-normal-font-size\" style=\"color:#737474\">Slou\u017e\u00ed k bezpe\u010dn\u00e9mu um\u00edst\u011bn\u00ed zv\u00ed\u0159at na dosp\u00e1v\u00e1n\u00ed a rekonvalescenci po opera\u010dn\u00edch z\u00e1kroc\u00edch.<\/p>\n<\/div><\/div>\n\n\n\n<hr class=\"wp-block-separator has-css-opacity\"\/>\n\n\n\n<div class=\"wp-block-media-text alignwide has-media-on-the-right is-stacked-on-mobile\"><div class=\"wp-block-media-text__content\">\n<h2 class=\"wp-block-heading has-text-color\" style=\"color:#737474\">Biochemick\u00fd analyz\u00e1tor<\/h2>\n\n\n\n<p class=\"has-text-color has-normal-font-size\" style=\"color:#737474\">Umo\u017e\u0148uje z\u00edskat v\u00fdsledek krevn\u00edho vy\u0161et\u0159en\u00ed do 12 minut od odebr\u00e1n\u00ed vzorku pro v\u0161echny druhy zv\u00ed\u0159at.<\/p>\n<\/div><figure class=\"wp-block-media-text__media\"><img loading=\"lazy\" decoding=\"async\" width=\"984\" height=\"1024\" src=\"http:\/\/www.agvet.cz\/wp-content\/uploads\/2023\/04\/IMG_20230117_154448_917-1-984x1024.png\" alt=\"\" class=\"wp-image-484 size-full\" srcset=\"https:\/\/www.agvet.cz\/wp-content\/uploads\/2023\/04\/IMG_20230117_154448_917-1-984x1024.png 984w, https:\/\/www.agvet.cz\/wp-content\/uploads\/2023\/04\/IMG_20230117_154448_917-1-288x300.png 288w, https:\/\/www.agvet.cz\/wp-content\/uploads\/2023\/04\/IMG_20230117_154448_917-1-768x799.png 768w, https:\/\/www.agvet.cz\/wp-content\/uploads\/2023\/04\/IMG_20230117_154448_917-1.png 1382w\" sizes=\"auto, (max-width: 984px) 100vw, 984px\" \/><\/figure><\/div>\n\n\n\n<hr class=\"wp-block-separator has-css-opacity\"\/>\n\n\n\n<div class=\"wp-block-media-text alignwide is-stacked-on-mobile\"><figure class=\"wp-block-media-text__media\"><img loading=\"lazy\" decoding=\"async\" width=\"768\" height=\"1024\" src=\"http:\/\/www.agvet.cz\/wp-content\/uploads\/2023\/04\/IMG-20230407-WA0006.jpg\" alt=\"\" class=\"wp-image-489 size-full\" srcset=\"https:\/\/www.agvet.cz\/wp-content\/uploads\/2023\/04\/IMG-20230407-WA0006.jpg 768w, https:\/\/www.agvet.cz\/wp-content\/uploads\/2023\/04\/IMG-20230407-WA0006-225x300.jpg 225w\" sizes=\"auto, (max-width: 768px) 100vw, 768px\" \/><\/figure><div class=\"wp-block-media-text__content\">\n<h2 class=\"wp-block-heading has-text-color\" style=\"color:#737474\">Digit\u00e1ln\u00ed rentgen<\/h2>\n\n\n\n<p class=\"has-text-color has-normal-font-size\" style=\"color:#737474\">Poskytuje okam\u017eit\u00fd digit\u00e1ln\u00ed obraz. Umo\u017e\u0148uje efektivn\u011b upravit jas a kontrast sn\u00edmku. D\u00edky tomu z\u00edsk\u00e1me z obrazu mnohem v\u00edce informac\u00ed o pacientovi.<\/p>\n<\/div><\/div>\n\n\n\n<hr class=\"wp-block-separator has-css-opacity\"\/>\n","protected":false},"excerpt":{"rendered":"<p>Sonografick\u00fd p\u0159\u00edstroj (SonoScape) P\u0159\u00edstroj umo\u017e\u0148uj\u00edc\u00ed zobrazen\u00ed m\u011bkk\u00fdch tk\u00e1n\u00ed mikrokonvexn\u00ed sondou, zejm\u00e9na p\u0159i vy\u0161et\u0159en\u00ed dutiny b\u0159i\u0161n\u00ed. Je mo\u017eno posoudit tvar, velikost, strukturu a abnormality vnit\u0159n\u00edch org\u00e1n\u016f &#8211; ledvin, jater, sleziny, mo\u010dov\u00e9ho m\u011bch\u00fd\u0159e, d\u011blohy, prostaty i za\u017e\u00edvac\u00edho apar\u00e1tu. Zubn\u00ed ultrazvuk s mikromotorem Zubn\u00edm ultrazvukem lze odstranit zubn\u00ed plak a zubn\u00ed k\u00e1men. Mikromotor s r\u016fzn\u00fdmi typy n\u00e1sadc\u016f slou\u017e\u00ed&hellip; <a href=\"https:\/\/www.agvet.cz\/index.php\/pristrojove-vybaveni\/\" class=\"more-link\">Continue reading <span class=\"screen-reader-text\">P\u0159\u00edstrojov\u00e9 vybaven\u00ed<\/span><\/a><\/p>\n","protected":false},"author":1,"featured_media":0,"parent":0,"menu_order":0,"comment_status":"closed","ping_status":"closed","template":"","meta":{"footnotes":""},"class_list":["post-284","page","type-page","status-publish","hentry","without-featured-image"],"_links":{"self":[{"href":"https:\/\/www.agvet.cz\/index.php\/wp-json\/wp\/v2\/pages\/284","targetHints":{"allow":["GET"]}}],"collection":[{"href":"https:\/\/www.agvet.cz\/index.php\/wp-json\/wp\/v2\/pages"}],"about":[{"href":"https:\/\/www.agvet.cz\/index.php\/wp-json\/wp\/v2\/types\/page"}],"author":[{"embeddable":true,"href":"https:\/\/www.agvet.cz\/index.php\/wp-json\/wp\/v2\/users\/1"}],"replies":[{"embeddable":true,"href":"https:\/\/www.agvet.cz\/index.php\/wp-json\/wp\/v2\/comments?post=284"}],"version-history":[{"count":82,"href":"https:\/\/www.agvet.cz\/index.php\/wp-json\/wp\/v2\/pages\/284\/revisions"}],"predecessor-version":[{"id":583,"href":"https:\/\/www.agvet.cz\/index.php\/wp-json\/wp\/v2\/pages\/284\/revisions\/583"}],"wp:attachment":[{"href":"https:\/\/www.agvet.cz\/index.php\/wp-json\/wp\/v2\/media?parent=284"}],"curies":[{"name":"wp","href":"https:\/\/api.w.org\/{rel}","templated":true}]}}