{"id":276,"date":"2022-01-11T18:35:45","date_gmt":"2022-01-11T18:35:45","guid":{"rendered":"http:\/\/www.agvet.cz\/?page_id=276"},"modified":"2022-02-12T08:35:15","modified_gmt":"2022-02-12T08:35:15","slug":"sluzby","status":"publish","type":"page","link":"https:\/\/www.agvet.cz\/index.php\/sluzby\/","title":{"rendered":"Slu\u017eby"},"content":{"rendered":"\n<p><\/p>\n\n\n\n<h2 class=\"has-text-color wp-block-heading\" style=\"color:#737474\">Preventivn\u00ed p\u00e9\u010de<\/h2>\n\n\n\n<ul class=\"wp-block-list\"><li>o\u010dkov\u00e1n\u00ed ps\u016f, ko\u010dek, fretek, kr\u00e1l\u00edk\u016f<\/li><li>od\u010derven\u00ed<\/li><li>odble\u0161en\u00ed<\/li><li>\u010dipov\u00e1n\u00ed a vystavov\u00e1n\u00ed Europasu<\/li><li>otoskopick\u00e9 vy\u0161et\u0159en\u00ed u\u0161\u00ed<\/li><li>vy\u0161et\u0159en\u00ed zv\u00ed\u0159ete, kter\u00e9 pokousalo \u010dlov\u011bka<\/li><li>vy\u0161et\u0159en\u00ed zv\u00ed\u0159ete p\u0159ed cestou do zahrani\u010d\u00ed<\/li><\/ul>\n\n\n\n<h2 class=\"has-text-color wp-block-heading\" style=\"color:#737474\">Intern\u00ed medic\u00edna<\/h2>\n\n\n\n<ul class=\"wp-block-list\"><li>ultrazvukov\u00e9 vy\u0161et\u0159en\u00ed dutiny b\u0159i\u0161n\u00ed<\/li><li>odb\u011br a vy\u0161et\u0159en\u00ed krve s v\u00fdsledkem do 24 hodin<\/li><li>vy\u0161et\u0159en\u00ed mo\u010di chemicky, v\u010detn\u011b mo\u010dov\u00e9ho sedimentu<\/li><li>mikroskopie<\/li><li>z\u00e1kladn\u00ed cytologick\u00e9 vy\u0161et\u0159en\u00ed prepar\u00e1t\u016f savc\u016f a plaz\u016f<\/li><\/ul>\n\n\n\n<h2 class=\"has-text-color wp-block-heading\" style=\"color:#737474\">Dent\u00e1ln\u00ed hygiena<\/h2>\n\n\n\n<ul class=\"wp-block-list\"><li>odstra\u0148ov\u00e1n\u00ed zubn\u00edho kamene ultrazvukem v\u010d. le\u0161t\u011bn\u00ed zub\u016f<\/li><li>dezinfekce dutiny \u00fastn\u00ed<\/li><li>zabru\u0161ov\u00e1n\u00ed p\u0159erostl\u00fdch \u0159ez\u00e1k\u016f i stoli\u010dek u hlodavc\u016f<\/li><\/ul>\n\n\n\n<h2 class=\"has-text-color wp-block-heading\" style=\"color:#737474\">Dermatologie<\/h2>\n\n\n\n<ul class=\"wp-block-list\"><li>\u00favodn\u00ed minim\u00e1ln\u011b 30-minutov\u00e1 konzultace u dlouhodob\u00fdch probl\u00e9m\u016f<\/li><li>nastaven\u00ed pl\u00e1nu l\u00e9\u010dby dlouhodob\u00e9 p\u00e9\u010de<\/li><li>vyu\u017e\u00edvan\u00e1 vy\u0161et\u0159en\u00ed:<ul><li>ko\u017en\u00ed se\u0161krab<\/li><li>ko\u017en\u00ed cytologie<\/li><li>kultivace pl\u00edsn\u00ed na DTM agaru<\/li><li>trichoskopie<\/li><li>diagnostika alergi\u00ed z krve<\/li><li>terapie z\u00e1n\u011btu u\u0161\u00ed<\/li><li>v\u00fddej \u00fa\u010dinn\u00fdch prepar\u00e1t\u016f proti ko\u017en\u00edm parazit\u016fm<\/li><\/ul><\/li><\/ul>\n\n\n\n<h2 class=\"has-text-color wp-block-heading\" style=\"color:#737474\">Chirurgie<\/h2>\n\n\n\n<ul class=\"wp-block-list\"><li>preventivn\u00ed i l\u00e9\u010debn\u00e1 kastrace ps\u016f, ko\u010dek, drobn\u00fdch savc\u016f, plaz\u016f<\/li><li>operace ko\u017en\u00edch v\u00fdr\u016fstk\u016f, n\u00e1dor\u016f, v\u010detn\u011b n\u00e1dor\u016f ml\u00e9\u010dn\u00e9 \u017el\u00e1zy u samic<\/li><li>z\u00e1kladn\u00ed b\u0159i\u0161n\u00ed chirurgie, \u0159e\u0161en\u00ed z\u00e1n\u011bt\u016f na pohlavn\u00edm apar\u00e1tu<\/li><li>z\u00e1kladn\u00ed po\u00farazov\u00e1 chirurgie, revize a \u0159e\u0161en\u00ed ran<\/li><\/ul>\n\n\n\n<h2 class=\"has-text-color wp-block-heading\" style=\"color:#737474\">Ostatn\u00ed slu\u017eby<\/h2>\n\n\n\n<ul class=\"wp-block-list\"><li>mo\u017enost kr\u00e1tkodob\u00e9 hospitalizace s dohledem<\/li><li>inf\u00fazn\u00ed terapie<\/li><li>mo\u017enost objednat se na konkr\u00e9tn\u00ed hodinu<\/li><\/ul>\n","protected":false},"excerpt":{"rendered":"<p>Preventivn\u00ed p\u00e9\u010de o\u010dkov\u00e1n\u00ed ps\u016f, ko\u010dek, fretek, kr\u00e1l\u00edk\u016f od\u010derven\u00ed odble\u0161en\u00ed \u010dipov\u00e1n\u00ed a vystavov\u00e1n\u00ed Europasu otoskopick\u00e9 vy\u0161et\u0159en\u00ed u\u0161\u00ed vy\u0161et\u0159en\u00ed zv\u00ed\u0159ete, kter\u00e9 pokousalo \u010dlov\u011bka vy\u0161et\u0159en\u00ed zv\u00ed\u0159ete p\u0159ed cestou do zahrani\u010d\u00ed Intern\u00ed medic\u00edna ultrazvukov\u00e9 vy\u0161et\u0159en\u00ed dutiny b\u0159i\u0161n\u00ed odb\u011br a vy\u0161et\u0159en\u00ed krve s v\u00fdsledkem do 24 hodin vy\u0161et\u0159en\u00ed mo\u010di chemicky, v\u010detn\u011b mo\u010dov\u00e9ho sedimentu mikroskopie z\u00e1kladn\u00ed cytologick\u00e9 vy\u0161et\u0159en\u00ed prepar\u00e1t\u016f savc\u016f a&hellip; <a href=\"https:\/\/www.agvet.cz\/index.php\/sluzby\/\" class=\"more-link\">Continue reading <span class=\"screen-reader-text\">Slu\u017eby<\/span><\/a><\/p>\n","protected":false},"author":1,"featured_media":0,"parent":0,"menu_order":0,"comment_status":"closed","ping_status":"closed","template":"","meta":{"footnotes":""},"class_list":["post-276","page","type-page","status-publish","hentry","without-featured-image"],"_links":{"self":[{"href":"https:\/\/www.agvet.cz\/index.php\/wp-json\/wp\/v2\/pages\/276","targetHints":{"allow":["GET"]}}],"collection":[{"href":"https:\/\/www.agvet.cz\/index.php\/wp-json\/wp\/v2\/pages"}],"about":[{"href":"https:\/\/www.agvet.cz\/index.php\/wp-json\/wp\/v2\/types\/page"}],"author":[{"embeddable":true,"href":"https:\/\/www.agvet.cz\/index.php\/wp-json\/wp\/v2\/users\/1"}],"replies":[{"embeddable":true,"href":"https:\/\/www.agvet.cz\/index.php\/wp-json\/wp\/v2\/comments?post=276"}],"version-history":[{"count":7,"href":"https:\/\/www.agvet.cz\/index.php\/wp-json\/wp\/v2\/pages\/276\/revisions"}],"predecessor-version":[{"id":375,"href":"https:\/\/www.agvet.cz\/index.php\/wp-json\/wp\/v2\/pages\/276\/revisions\/375"}],"wp:attachment":[{"href":"https:\/\/www.agvet.cz\/index.php\/wp-json\/wp\/v2\/media?parent=276"}],"curies":[{"name":"wp","href":"https:\/\/api.w.org\/{rel}","templated":true}]}}